{"id":4694,"date":"2016-04-12T00:17:54","date_gmt":"2016-04-11T22:17:54","guid":{"rendered":"http:\/\/www.lulu-couture-fashion.com\/?page_id=4694"},"modified":"2020-04-16T11:01:11","modified_gmt":"2020-04-16T09:01:11","slug":"company","status":"publish","type":"page","link":"https:\/\/lulu-couture-fashion.com\/en\/company\/","title":{"rendered":"Company"},"content":{"rendered":"\n<style type=\"text\/css\" data-created_by=\"avia_inline_auto\" id=\"style-css-av-3zdht2-2d830dd3968a5735e6eaba8a97b61bed\">\n.flex_column.av-3zdht2-2d830dd3968a5735e6eaba8a97b61bed{\nborder-radius:0px 0px 0px 0px;\npadding:0px 0px 0px 0px;\n}\n<\/style>\n<div  class='flex_column av-3zdht2-2d830dd3968a5735e6eaba8a97b61bed av_one_half  avia-builder-el-0  el_before_av_one_half  avia-builder-el-first  first flex_column_div av-zero-column-padding  '     ><section  class='av_textblock_section av-jtsmnk2c-9a7f1b9b2fed5386b045dec90667ccc0 '   itemscope=\"itemscope\" itemtype=\"https:\/\/schema.org\/CreativeWork\" ><div class='avia_textblock'  itemprop=\"text\" ><p><strong>Company name:<br \/>\n<\/strong>Milune jednostavno dru\u0161tvo s ograni\u010denom odgovorno\u0161\u0107u za trgovinu i usluge<br \/>\nMILUNE j.d.o.o<\/p>\n<p><strong>Headquarters\/Address:\u00a0\u00a0<\/strong>Zagreb (grad Zagreb)<br \/>\nZelinska 2<br \/>\n10000 Zagreb, Croatia<\/p>\n<p><strong>Company registration number: <\/strong>081299124<br \/>\n<strong>Company personal identification number (OIB):<\/strong> 03567540222<br \/>\n<strong>Tax identification number (MB):<\/strong> 05238064<\/p>\n<p><strong>Board members:<\/strong> Martina Tutic<\/p>\n<p><strong>Share capital:<\/strong> 10,00 Croatian kunas paid in full<\/p>\n<\/div><\/section><\/div>\n<style type=\"text\/css\" data-created_by=\"avia_inline_auto\" id=\"style-css-av-3aapt2-7a4be0068f6de09142926fc4bd6ad6e3\">\n.flex_column.av-3aapt2-7a4be0068f6de09142926fc4bd6ad6e3{\nborder-radius:0px 0px 0px 0px;\npadding:0px 0px 0px 0px;\n}\n<\/style>\n<div  class='flex_column av-3aapt2-7a4be0068f6de09142926fc4bd6ad6e3 av_one_half  avia-builder-el-2  el_after_av_one_half  avia-builder-el-last  flex_column_div av-zero-column-padding  '     ><section  class='av_textblock_section av-jtsmnk2c-9a7f1b9b2fed5386b045dec90667ccc0 '   itemscope=\"itemscope\" itemtype=\"https:\/\/schema.org\/CreativeWork\" ><div class='avia_textblock'  itemprop=\"text\" ><p><strong>Bank:<\/strong> Zagrebacka Banka d.d.<\/p>\n<p><strong>Headquarters\/Address:<\/strong>\u00a0Zagreb (grad Zagreb)<br \/>\nTrg bana Josipa Jelacica 10,<br \/>\n10000 Zagreb, Croatia<\/p>\n<p><strong>Account details:<\/strong><br \/>\nIBAN: HR1223600001102860666<br \/>\nSWIFT: ZABAHR2X<\/p>\n<p><strong>Other information:<\/strong><br \/>\nSubject is registered at the Commercial Court in Zagreb<\/p>\n<\/div><\/section><\/div><\/p>\n","protected":false},"excerpt":{"rendered":"","protected":false},"author":1,"featured_media":0,"parent":0,"menu_order":0,"comment_status":"closed","ping_status":"closed","template":"","meta":{"_monsterinsights_skip_tracking":false,"_monsterinsights_sitenote_active":false,"_monsterinsights_sitenote_note":"","_monsterinsights_sitenote_category":0,"footnotes":""},"class_list":["post-4694","page","type-page","status-publish","hentry"],"jetpack-related-posts":[],"jetpack_sharing_enabled":true,"_links":{"self":[{"href":"https:\/\/lulu-couture-fashion.com\/en\/wp-json\/wp\/v2\/pages\/4694","targetHints":{"allow":["GET"]}}],"collection":[{"href":"https:\/\/lulu-couture-fashion.com\/en\/wp-json\/wp\/v2\/pages"}],"about":[{"href":"https:\/\/lulu-couture-fashion.com\/en\/wp-json\/wp\/v2\/types\/page"}],"author":[{"embeddable":true,"href":"https:\/\/lulu-couture-fashion.com\/en\/wp-json\/wp\/v2\/users\/1"}],"replies":[{"embeddable":true,"href":"https:\/\/lulu-couture-fashion.com\/en\/wp-json\/wp\/v2\/comments?post=4694"}],"version-history":[{"count":0,"href":"https:\/\/lulu-couture-fashion.com\/en\/wp-json\/wp\/v2\/pages\/4694\/revisions"}],"wp:attachment":[{"href":"https:\/\/lulu-couture-fashion.com\/en\/wp-json\/wp\/v2\/media?parent=4694"}],"curies":[{"name":"wp","href":"https:\/\/api.w.org\/{rel}","templated":true}]}}